{"id":25983397,"date":"2024-11-18T11:19:50","date_gmt":"2024-11-18T10:19:50","guid":{"rendered":"https:\/\/eden-instruments.com\/?page_id=25983397"},"modified":"2024-12-03T10:37:26","modified_gmt":"2024-12-03T09:37:26","slug":"semplor","status":"publish","type":"page","link":"https:\/\/eden-instruments.com\/en\/ex-situ-equipments\/semplor\/","title":{"rendered":"SEMPLOR"},"content":{"rendered":"<p>[et_pb_section fb_built=&#8221;1&#8243; _builder_version=&#8221;4.24.3&#8243; _module_preset=&#8221;default&#8221; width=&#8221;100%&#8221; custom_margin=&#8221;0px||0px||false|false&#8221; custom_padding=&#8221;0px||0px||false|false&#8221; global_colors_info=&#8221;{}&#8221;][et_pb_row _builder_version=&#8221;4.24.3&#8243; _module_preset=&#8221;default&#8221; width=&#8221;90%&#8221; max_width=&#8221;1170px&#8221; custom_margin=&#8221;0px||75px||false|false&#8221; custom_margin_tablet=&#8221;0px||75px||false|false&#8221; custom_margin_phone=&#8221;0px||55px||false|false&#8221; custom_margin_last_edited=&#8221;on|phone&#8221; custom_padding=&#8221;0px||0px||false|false&#8221; animation_style=&#8221;fade&#8221; animation_speed_curve=&#8221;ease&#8221; locked=&#8221;off&#8221; global_colors_info=&#8221;{}&#8221;][et_pb_column type=&#8221;4_4&#8243; _builder_version=&#8221;4.24.2&#8243; _module_preset=&#8221;default&#8221; global_colors_info=&#8221;{}&#8221;][et_pb_text _builder_version=&#8221;4.27.3&#8243; _module_preset=&#8221;default&#8221; header_2_font=&#8221;Albert Sans|700|||||||&#8221; header_2_text_align=&#8221;center&#8221; header_2_text_color=&#8221;#430C0D&#8221; header_2_font_size=&#8221;38px&#8221; header_2_line_height=&#8221;1.2em&#8221; module_alignment=&#8221;center&#8221; custom_margin=&#8221;0px||30px||false|false&#8221; header_2_font_size_tablet=&#8221;41px&#8221; header_2_font_size_phone=&#8221;28px&#8221; header_2_font_size_last_edited=&#8221;on|phone&#8221; global_colors_info=&#8221;{}&#8221;]<\/p>\n<h2>Making SEM accessible for anyone, everywhere<span style=\"color: #ee0d08;\">.<\/span><\/h2>\n<p>[\/et_pb_text][\/et_pb_column][\/et_pb_row][et_pb_row column_structure=&#8221;3_5,2_5&#8243; use_custom_gutter=&#8221;on&#8221; gutter_width=&#8221;4&#8243; make_equal=&#8221;on&#8221; _builder_version=&#8221;4.24.3&#8243; _module_preset=&#8221;default&#8221; width=&#8221;100%&#8221; max_width=&#8221;100%&#8221; custom_margin=&#8221;0px||||false|false&#8221; custom_padding=&#8221;0px||75px||false|false&#8221; global_colors_info=&#8221;{}&#8221;][et_pb_column type=&#8221;3_5&#8243; _builder_version=&#8221;4.24.3&#8243; _module_preset=&#8221;default&#8221; global_colors_info=&#8221;{}&#8221;][et_pb_text _builder_version=&#8221;4.27.3&#8243; _module_preset=&#8221;default&#8221; header_3_text_align=&#8221;left&#8221; header_3_line_height=&#8221;1.2em&#8221; max_width_tablet=&#8221;35rem&#8221; max_width_phone=&#8221;35rem&#8221; max_width_last_edited=&#8221;off|desktop&#8221; custom_margin=&#8221;0px||9px||false|false&#8221; header_3_font_size_tablet=&#8221;32px&#8221; header_3_font_size_phone=&#8221;26px&#8221; header_3_font_size_last_edited=&#8221;on|phone&#8221; locked=&#8221;off&#8221; global_colors_info=&#8221;{}&#8221;]<\/p>\n<h3>NANOS, the next generation tabletop SEM<\/h3>\n<p>[\/et_pb_text][et_pb_divider color=&#8221;#ee0d08&#8243; divider_weight=&#8221;4px&#8221; _builder_version=&#8221;4.24.3&#8243; _module_preset=&#8221;default&#8221; max_width=&#8221;100px&#8221; module_alignment=&#8221;left&#8221; max_height=&#8221;4px&#8221; custom_margin=&#8221;0px||34px||false|false&#8221; custom_padding=&#8221;0px||0px||false|false&#8221; locked=&#8221;off&#8221; global_colors_info=&#8221;{}&#8221;][\/et_pb_divider][et_pb_text _builder_version=&#8221;4.27.3&#8243; _module_preset=&#8221;default&#8221; custom_margin=&#8221;0px||||false|false&#8221; locked=&#8221;off&#8221; global_colors_info=&#8221;{}&#8221;]<\/p>\n<h2>The NANOS is a comprehensive and affordable tabletop scanning electron microscope (SEM). It is engineered using the latest technology, giving fast and high-quality SEM images and elemental analysis. Its design is robust and modern, which makes it perfect for research &amp; development, educational and industrial usage.<\/h2>\n<p>[\/et_pb_text][\/et_pb_column][et_pb_column type=&#8221;2_5&#8243; _builder_version=&#8221;4.24.3&#8243; _module_preset=&#8221;default&#8221; custom_css_main_element=&#8221;margin: auto;&#8221; global_colors_info=&#8221;{}&#8221;][et_pb_video src=&#8221;https:\/\/semplor.com\/wp-content\/uploads\/2024\/09\/SampleLoading.mp4&#8243; _builder_version=&#8221;4.27.3&#8243; _module_preset=&#8221;default&#8221; global_colors_info=&#8221;{}&#8221;][\/et_pb_video][\/et_pb_column][\/et_pb_row][et_pb_row _builder_version=&#8221;4.25.0&#8243; _module_preset=&#8221;default&#8221; width=&#8221;100%&#8221; max_width=&#8221;100%&#8221; hover_enabled=&#8221;0&#8243; global_colors_info=&#8221;{}&#8221; sticky_enabled=&#8221;0&#8243;][et_pb_column type=&#8221;4_4&#8243; _builder_version=&#8221;4.24.3&#8243; _module_preset=&#8221;default&#8221; hover_enabled=&#8221;0&#8243; global_colors_info=&#8221;{}&#8221; sticky_enabled=&#8221;0&#8243;][dipi_advanced_tabs tabs_min_width_tablet=&#8221;&#8221; use_tabs_fullwidth_phone=&#8221;on&#8221; tabs_min_width_phone=&#8221;100%&#8221; tabs_placement_phone=&#8221;column&#8221; navigation_size=&#8221;30&#8243; navigation_padding=&#8221;30&#8243; admin_label=&#8221;Sp\u00e9cifications&#8221; _builder_version=&#8221;4.27.3&#8243; _module_preset=&#8221;default&#8221; header_text_color=&#8221;#430C0D&#8221; header_font_size=&#8221;28px&#8221; header_2_text_color=&#8221;#430C0D&#8221; header_2_font_size=&#8221;28px&#8221; header_3_text_color=&#8221;#430C0D&#8221; header_3_font_size=&#8221;28px&#8221; header_3_line_height=&#8221;1.3em&#8221; body_link_text_align=&#8221;left&#8221; custom_margin=&#8221;||0px||false|false&#8221; hover_enabled=&#8221;0&#8243; saved_tabs=&#8221;all&#8221; locked=&#8221;off&#8221; global_colors_info=&#8221;{}&#8221; tabs_min_width_last_edited=&#8221;on|phone&#8221; tabs_item_bg_enable_color__hover=&#8221;on&#8221; tabs_item_bg_enable_color_phone=&#8221;on&#8221; tabs_item_active_bg_enable_color_phone=&#8221;on&#8221; tabs_active_item_padding__hover_enabled=&#8221;off|hover&#8221; sticky_enabled=&#8221;0&#8243;][dipi_advanced_tabs_item title=&#8221;Description&#8221; use_library_content=&#8221;on&#8221; divi_library=&#8221;25983371&#8243; admin_label=&#8221;Description&#8221; icon_color=&#8221;rgba(21,2,42,0.3)&#8221; icon_color_active=&#8221;#B42124&#8243; tab_media=&#8221;icon&#8221; font_icon=&#8221;\ue610||divi||400&#8243; font_icon_active=&#8221;\uf2bd||fa||400&#8243; tab_icon_placement=&#8221;top&#8221; tab_icon_placement_phone=&#8221;top&#8221; _builder_version=&#8221;4.27.3&#8243; _module_preset=&#8221;default&#8221; text_font=&#8221;Inter|300|||||||&#8221; text_text_align=&#8221;center&#8221; text_text_color=&#8221;#430C0D&#8221; text_line_height=&#8221;1.9em&#8221; header_3_text_color=&#8221;#430C0D&#8221; header_3_font_size=&#8221;28px&#8221; custom_margin=&#8221;||0px||false|false&#8221; hover_enabled=&#8221;0&#8243; global_colors_info=&#8221;{}&#8221; sticky_enabled=&#8221;0&#8243;]Lorem ipsum dolor sit amet, consectetur adipiscing elit. Quisque velit nisi, pretium ut lacinia in, elementum id enim. Quisque velit nisi, pretium ut lacinia in, elementum id enim.Proin eget tortor risus. Vestibulum ac diam sit amet quam vehicula elementum sed sit amet dui.<br \/>\n[\/dipi_advanced_tabs_item][dipi_advanced_tabs_item title=&#8221;Specifications&#8221; is_default_tab=&#8221;on&#8221; use_library_content=&#8221;on&#8221; divi_library=&#8221;25983371&#8243; admin_label=&#8221;Sp\u00e9cifications&#8221; icon_color=&#8221;rgba(21,2,42,0.3)&#8221; icon_color_active=&#8221;#B42124&#8243; tab_media=&#8221;icon&#8221; font_icon=&#8221;Z||divi||400&#8243; font_icon_active=&#8221;g||divi||400&#8243; tab_icon_placement=&#8221;top&#8221; _builder_version=&#8221;4.27.3&#8243; _module_preset=&#8221;default&#8221; text_text_align=&#8221;center&#8221; text_text_color=&#8221;#15022A&#8221; text_line_height=&#8221;1.9em&#8221; custom_margin=&#8221;||0px||false|false&#8221; hover_enabled=&#8221;0&#8243; global_colors_info=&#8221;{}&#8221; sticky_enabled=&#8221;0&#8243;]Lorem ipsum dolor sit amet, consectetur adipiscing elit. Quisque velit nisi, pretium ut lacinia in, elementum id enim. Quisque velit nisi, pretium ut lacinia in, elementum id enim.Proin eget tortor risus. Vestibulum ac diam sit amet quam vehicula elementum sed sit amet dui.<br \/>\n[\/dipi_advanced_tabs_item][dipi_advanced_tabs_item title=&#8221;T\u00e9l\u00e9chargements&#8221; admin_label=&#8221;Sp\u00e9cifications&#8221; img_placement=&#8221;row&#8221; icon_color=&#8221;rgba(21,2,42,0.3)&#8221; icon_color_active=&#8221;#B42124&#8243; tab_media=&#8221;icon&#8221; font_icon=&#8221;\uf1c1||fa||400&#8243; font_icon_active=&#8221;g||divi||400&#8243; tab_icon_placement=&#8221;top&#8221; _builder_version=&#8221;4.27.3&#8243; _module_preset=&#8221;default&#8221; text_text_align=&#8221;left&#8221; text_text_color=&#8221;#15022A&#8221; text_line_height=&#8221;1.9em&#8221; custom_margin=&#8221;||0px||false|false&#8221; global_colors_info=&#8221;{}&#8221;]<\/p>\n<a  data-e-Disable-Page-Transition=\"true\" class=\"download-link\" title=\"\" href=\"https:\/\/eden-instruments.com\/en\/telechargement\/25983381\/?tmstv=1776828831\" rel=\"nofollow\" id=\"download-link-25983381\" data-redirect=\"false\" >\n\tBrochure SEMPLOR EN\t(2 downloads\t)\n<\/a>\n\n<p>[\/dipi_advanced_tabs_item][\/dipi_advanced_tabs][\/et_pb_column][\/et_pb_row][\/et_pb_section]<\/p>\n","protected":false},"excerpt":{"rendered":"<p>Making SEM accessible for anyone, everywhere.NANOS, the next generation tabletop SEMThe NANOS is a comprehensive and affordable tabletop scanning electron microscope (SEM). It is engineered using the latest technology, giving fast and high-quality SEM images and elemental analysis. Its design is robust and modern, which makes it perfect for research &amp; development, educational and industrial [&hellip;]<\/p>\n","protected":false},"author":3,"featured_media":0,"parent":25982419,"menu_order":0,"comment_status":"closed","ping_status":"closed","template":"","meta":{"_et_pb_use_builder":"on","_et_pb_old_content":"<p>[et_pb_section fb_built=\"1\" _builder_version=\"4.24.3\" _module_preset=\"default\" width=\"100%\" custom_margin=\"0px||0px||false|false\" custom_padding=\"0px||0px||false|false\" global_colors_info=\"{}\" theme_builder_area=\"post_content\"][et_pb_row _builder_version=\"4.24.3\" _module_preset=\"default\" width=\"90%\" max_width=\"1170px\" custom_margin=\"0px||75px||false|false\" custom_margin_tablet=\"0px||75px||false|false\" custom_margin_phone=\"0px||55px||false|false\" custom_margin_last_edited=\"on|phone\" custom_padding=\"0px||0px||false|false\" animation_style=\"fade\" animation_speed_curve=\"ease\" locked=\"off\" global_colors_info=\"{}\" theme_builder_area=\"post_content\"][et_pb_column type=\"4_4\" _builder_version=\"4.24.2\" _module_preset=\"default\" global_colors_info=\"{}\" theme_builder_area=\"post_content\"][et_pb_text _builder_version=\"4.27.3\" _module_preset=\"default\" header_2_font=\"Albert Sans|700|||||||\" header_2_text_align=\"center\" header_2_text_color=\"#430C0D\" header_2_font_size=\"38px\" header_2_line_height=\"1.2em\" module_alignment=\"center\" custom_margin=\"0px||30px||false|false\" header_2_font_size_tablet=\"41px\" header_2_font_size_phone=\"28px\" header_2_font_size_last_edited=\"on|phone\" global_colors_info=\"{}\" theme_builder_area=\"post_content\"]<\/p><h2>Rendre le MEB accessible \u00e0 tous, partout<span style=\"color: #ee0d08;\">.<\/span><\/h2><p>[\/et_pb_text][\/et_pb_column][\/et_pb_row][et_pb_row column_structure=\"3_5,2_5\" use_custom_gutter=\"on\" gutter_width=\"4\" make_equal=\"on\" _builder_version=\"4.24.3\" _module_preset=\"default\" width=\"100%\" max_width=\"100%\" custom_margin=\"0px||||false|false\" custom_padding=\"0px||75px||false|false\" global_colors_info=\"{}\" theme_builder_area=\"post_content\"][et_pb_column type=\"3_5\" _builder_version=\"4.24.3\" _module_preset=\"default\" global_colors_info=\"{}\" theme_builder_area=\"post_content\"][et_pb_text _builder_version=\"4.27.3\" _module_preset=\"default\" header_3_text_align=\"left\" header_3_line_height=\"1.2em\" max_width_tablet=\"35rem\" max_width_phone=\"35rem\" max_width_last_edited=\"off|desktop\" custom_margin=\"0px||9px||false|false\" header_3_font_size_tablet=\"32px\" header_3_font_size_phone=\"26px\" header_3_font_size_last_edited=\"on|phone\" locked=\"off\" global_colors_info=\"{}\" theme_builder_area=\"post_content\"]<\/p><h3>NANOS, la nouvelle g\u00e9n\u00e9ration MEB de table<\/h3><p>[\/et_pb_text][et_pb_divider color=\"#ee0d08\" divider_weight=\"4px\" _builder_version=\"4.24.3\" _module_preset=\"default\" max_width=\"100px\" module_alignment=\"left\" max_height=\"4px\" custom_margin=\"0px||34px||false|false\" custom_padding=\"0px||0px||false|false\" locked=\"off\" global_colors_info=\"{}\" theme_builder_area=\"post_content\"][\/et_pb_divider][et_pb_text _builder_version=\"4.27.3\" _module_preset=\"default\" custom_margin=\"0px||||false|false\" locked=\"off\" global_colors_info=\"{}\" theme_builder_area=\"post_content\"]<\/p><h2>Le NANOS est un microscope \u00e9lectronique \u00e0 balayage de table complet et abordable. Il est con\u00e7u \u00e0 l'aide des technologies les plus r\u00e9centes, permettant d'obtenir des images MEB et des analyses \u00e9l\u00e9mentaires rapides et de haute qualit\u00e9. Sa conception est robuste et moderne, ce qui le rend parfait pour la recherche et le d\u00e9veloppement, l'enseignement et l'industrie.<\/h2><p>[\/et_pb_text][\/et_pb_column][et_pb_column type=\"2_5\" _builder_version=\"4.24.3\" _module_preset=\"default\" custom_css_main_element=\"margin: auto;\" global_colors_info=\"{}\" theme_builder_area=\"post_content\"][et_pb_video src=\"https:\/\/semplor.com\/wp-content\/uploads\/2024\/09\/SampleLoading.mp4\" _builder_version=\"4.27.3\" _module_preset=\"default\" global_colors_info=\"{}\" theme_builder_area=\"post_content\"][\/et_pb_video][\/et_pb_column][\/et_pb_row][et_pb_row _builder_version=\"4.25.0\" _module_preset=\"default\" width=\"100%\" max_width=\"100%\" global_colors_info=\"{}\" theme_builder_area=\"post_content\"][et_pb_column type=\"4_4\" _builder_version=\"4.24.3\" _module_preset=\"default\" global_colors_info=\"{}\" theme_builder_area=\"post_content\"][dipi_advanced_tabs tabs_min_width_tablet=\"\" use_tabs_fullwidth_phone=\"on\" tabs_min_width_phone=\"100%\" tabs_placement_phone=\"column\" navigation_size=\"30\" navigation_padding=\"30\" admin_label=\"Sp\u00e9cifications\" _builder_version=\"4.27.3\" _module_preset=\"default\" header_text_color=\"#430C0D\" header_font_size=\"28px\" header_2_text_color=\"#430C0D\" header_2_font_size=\"28px\" header_3_text_color=\"#430C0D\" header_3_font_size=\"28px\" header_3_line_height=\"1.3em\" body_link_text_align=\"left\" custom_margin=\"||0px||false|false\" hover_enabled=\"0\" global_module=\"22989272\" saved_tabs=\"all\" locked=\"off\" global_colors_info=\"{}\" tabs_min_width_last_edited=\"on|phone\" tabs_item_bg_enable_color__hover=\"on\" tabs_item_bg_enable_color_phone=\"on\" tabs_item_active_bg_enable_color_phone=\"on\" tabs_active_item_padding__hover_enabled=\"off|hover\" theme_builder_area=\"post_content\" sticky_enabled=\"0\"][dipi_advanced_tabs_item title=\"Description\" use_library_content=\"on\" divi_library=\"25983371\" admin_label=\"Description\" icon_color=\"rgba(21,2,42,0.3)\" icon_color_active=\"#B42124\" tab_media=\"icon\" font_icon=\"\ue610||divi||400\" font_icon_active=\"\uf2bd||fa||400\" tab_icon_placement=\"top\" tab_icon_placement_phone=\"top\" _builder_version=\"4.27.3\" _module_preset=\"default\" text_font=\"Inter|300|||||||\" text_text_align=\"center\" text_text_color=\"#430C0D\" text_line_height=\"1.9em\" header_3_text_color=\"#430C0D\" header_3_font_size=\"28px\" custom_margin=\"||0px||false|false\" global_colors_info=\"{}\" theme_builder_area=\"post_content\"]<\/p><p>Lorem ipsum dolor sit amet, consectetur adipiscing elit. Quisque velit nisi, pretium ut lacinia in, elementum id enim. Quisque velit nisi, pretium ut lacinia in, elementum id enim.Proin eget tortor risus. Vestibulum ac diam sit amet quam vehicula elementum sed sit amet dui.<\/p><p>[\/dipi_advanced_tabs_item][dipi_advanced_tabs_item title=\"Sp\u00e9cifications\" use_library_content=\"on\" divi_library=\"25983347\" admin_label=\"Sp\u00e9cifications\" icon_color=\"rgba(21,2,42,0.3)\" icon_color_active=\"#B42124\" tab_media=\"icon\" font_icon=\"Z||divi||400\" font_icon_active=\"g||divi||400\" tab_icon_placement=\"top\" _builder_version=\"4.27.3\" _module_preset=\"default\" text_text_align=\"center\" text_text_color=\"#15022A\" text_line_height=\"1.9em\" custom_margin=\"||0px||false|false\" global_colors_info=\"{}\" theme_builder_area=\"post_content\"]<\/p><p>Lorem ipsum dolor sit amet, consectetur adipiscing elit. Quisque velit nisi, pretium ut lacinia in, elementum id enim. Quisque velit nisi, pretium ut lacinia in, elementum id enim.Proin eget tortor risus. Vestibulum ac diam sit amet quam vehicula elementum sed sit amet dui.<\/p><p>[\/dipi_advanced_tabs_item][dipi_advanced_tabs_item title=\"T\u00e9l\u00e9chargements\" admin_label=\"Sp\u00e9cifications\" img_placement=\"row\" icon_color=\"rgba(21,2,42,0.3)\" icon_color_active=\"#B42124\" tab_media=\"icon\" font_icon=\"\uf1c1||fa||400\" font_icon_active=\"g||divi||400\" tab_icon_placement=\"top\" _builder_version=\"4.27.3\" _module_preset=\"default\" text_text_align=\"left\" text_text_color=\"#15022A\" text_line_height=\"1.9em\" custom_margin=\"||0px||false|false\" hover_enabled=\"0\" global_colors_info=\"{}\" theme_builder_area=\"post_content\" sticky_enabled=\"0\"][download id=\"25983381\"][\/dipi_advanced_tabs_item][\/dipi_advanced_tabs][\/et_pb_column][\/et_pb_row][\/et_pb_section]<\/p>","_et_gb_content_width":"","footnotes":""},"dipi_cpt_category":[],"class_list":["post-25983397","page","type-page","status-publish","hentry"],"_links":{"self":[{"href":"https:\/\/eden-instruments.com\/en\/wp-json\/wp\/v2\/pages\/25983397","targetHints":{"allow":["GET"]}}],"collection":[{"href":"https:\/\/eden-instruments.com\/en\/wp-json\/wp\/v2\/pages"}],"about":[{"href":"https:\/\/eden-instruments.com\/en\/wp-json\/wp\/v2\/types\/page"}],"author":[{"embeddable":true,"href":"https:\/\/eden-instruments.com\/en\/wp-json\/wp\/v2\/users\/3"}],"replies":[{"embeddable":true,"href":"https:\/\/eden-instruments.com\/en\/wp-json\/wp\/v2\/comments?post=25983397"}],"version-history":[{"count":8,"href":"https:\/\/eden-instruments.com\/en\/wp-json\/wp\/v2\/pages\/25983397\/revisions"}],"predecessor-version":[{"id":25983424,"href":"https:\/\/eden-instruments.com\/en\/wp-json\/wp\/v2\/pages\/25983397\/revisions\/25983424"}],"up":[{"embeddable":true,"href":"https:\/\/eden-instruments.com\/en\/wp-json\/wp\/v2\/pages\/25982419"}],"wp:attachment":[{"href":"https:\/\/eden-instruments.com\/en\/wp-json\/wp\/v2\/media?parent=25983397"}],"wp:term":[{"taxonomy":"dipi_cpt_category","embeddable":true,"href":"https:\/\/eden-instruments.com\/en\/wp-json\/wp\/v2\/dipi_cpt_category?post=25983397"}],"curies":[{"name":"wp","href":"https:\/\/api.w.org\/{rel}","templated":true}]}}