{"id":25983280,"date":"2024-08-14T11:32:04","date_gmt":"2024-08-14T09:32:04","guid":{"rendered":"https:\/\/eden-instruments.com\/?page_id=25983280"},"modified":"2024-08-14T11:54:41","modified_gmt":"2024-08-14T09:54:41","slug":"eds-system","status":"publish","type":"page","link":"https:\/\/eden-instruments.com\/en\/microanalyse\/eds-system\/","title":{"rendered":"EDS system"},"content":{"rendered":"<p>[et_pb_section fb_built=&#8221;1&#8243; _builder_version=&#8221;4.24.3&#8243; _module_preset=&#8221;default&#8221; width=&#8221;100%&#8221; custom_margin=&#8221;0px||0px||false|false&#8221; custom_padding=&#8221;0px||0px||false|false&#8221; global_colors_info=&#8221;{}&#8221;][et_pb_row _builder_version=&#8221;4.25.0&#8243; _module_preset=&#8221;default&#8221; width=&#8221;90%&#8221; max_width=&#8221;1170px&#8221; custom_margin=&#8221;0px||75px||false|false&#8221; custom_margin_tablet=&#8221;0px||75px||false|false&#8221; custom_margin_phone=&#8221;0px||55px||false|false&#8221; custom_margin_last_edited=&#8221;on|phone&#8221; custom_padding=&#8221;0px||0px||false|false&#8221; animation_style=&#8221;fade&#8221; animation_speed_curve=&#8221;ease&#8221; locked=&#8221;off&#8221; global_colors_info=&#8221;{}&#8221;][et_pb_column type=&#8221;4_4&#8243; _builder_version=&#8221;4.24.2&#8243; _module_preset=&#8221;default&#8221; global_colors_info=&#8221;{}&#8221;][et_pb_text _builder_version=&#8221;4.27.0&#8243; _module_preset=&#8221;default&#8221; header_2_font=&#8221;Albert Sans|700|||||||&#8221; header_2_text_align=&#8221;center&#8221; header_2_text_color=&#8221;#430C0D&#8221; header_2_font_size=&#8221;38px&#8221; header_2_line_height=&#8221;1.2em&#8221; module_alignment=&#8221;center&#8221; custom_margin=&#8221;0px||30px||false|false&#8221; header_2_font_size_tablet=&#8221;41px&#8221; header_2_font_size_phone=&#8221;28px&#8221; header_2_font_size_last_edited=&#8221;on|phone&#8221; global_colors_info=&#8221;{}&#8221;]<\/p>\n<h2>SAMx Plus<span style=\"color: #ee0d08;\">.<\/span><\/h2>\n<p>[\/et_pb_text][\/et_pb_column][\/et_pb_row][et_pb_row column_structure=&#8221;3_5,2_5&#8243; use_custom_gutter=&#8221;on&#8221; gutter_width=&#8221;4&#8243; make_equal=&#8221;on&#8221; _builder_version=&#8221;4.24.3&#8243; _module_preset=&#8221;default&#8221; width=&#8221;100%&#8221; max_width=&#8221;100%&#8221; custom_margin=&#8221;0px||||false|false&#8221; custom_padding=&#8221;0px||75px||false|false&#8221; global_colors_info=&#8221;{}&#8221;][et_pb_column type=&#8221;3_5&#8243; _builder_version=&#8221;4.24.3&#8243; _module_preset=&#8221;default&#8221; global_colors_info=&#8221;{}&#8221;][et_pb_divider color=&#8221;#ee0d08&#8243; divider_weight=&#8221;4px&#8221; _builder_version=&#8221;4.24.3&#8243; _module_preset=&#8221;default&#8221; max_width=&#8221;100px&#8221; module_alignment=&#8221;left&#8221; max_height=&#8221;4px&#8221; custom_margin=&#8221;0px||34px||false|false&#8221; custom_padding=&#8221;0px||0px||false|false&#8221; locked=&#8221;off&#8221; global_colors_info=&#8221;{}&#8221;][\/et_pb_divider][et_pb_text _builder_version=&#8221;4.27.0&#8243; _module_preset=&#8221;default&#8221; custom_margin=&#8221;0px||||false|false&#8221; locked=&#8221;off&#8221; global_colors_info=&#8221;{}&#8221;]<\/p>\n<p>EDS system for Scanning Electron Microscope including the best SDD detector, all EDS tools and spectral imaging.<\/p>\n<p>[\/et_pb_text][\/et_pb_column][et_pb_column type=&#8221;2_5&#8243; _builder_version=&#8221;4.24.3&#8243; _module_preset=&#8221;default&#8221; custom_css_main_element=&#8221;margin: auto;&#8221; global_colors_info=&#8221;{}&#8221;][et_pb_image src=&#8221;https:\/\/eden-instruments.com\/wp-content\/uploads\/2024\/08\/IMG_4696-002-scaled.jpg&#8221; title_text=&#8221;SAMX PLUS EDS&#8221; _builder_version=&#8221;4.27.0&#8243; _module_preset=&#8221;default&#8221; global_colors_info=&#8221;{}&#8221;][\/et_pb_image][\/et_pb_column][\/et_pb_row][et_pb_row _builder_version=&#8221;4.27.0&#8243; _module_preset=&#8221;default&#8221; width=&#8221;100%&#8221; max_width=&#8221;100%&#8221; locked=&#8221;off&#8221; global_colors_info=&#8221;{}&#8221;][et_pb_column type=&#8221;4_4&#8243; _builder_version=&#8221;4.24.3&#8243; _module_preset=&#8221;default&#8221; global_colors_info=&#8221;{}&#8221;][dipi_advanced_tabs tabs_min_width_tablet=&#8221;&#8221; use_tabs_fullwidth_phone=&#8221;on&#8221; tabs_min_width_phone=&#8221;100%&#8221; tabs_placement_phone=&#8221;column&#8221; navigation_size=&#8221;30&#8243; navigation_padding=&#8221;30&#8243; admin_label=&#8221;Sp\u00e9cifications&#8221; _builder_version=&#8221;4.27.0&#8243; _module_preset=&#8221;default&#8221; header_text_color=&#8221;#430C0D&#8221; header_font_size=&#8221;28px&#8221; header_2_text_color=&#8221;#430C0D&#8221; header_2_font_size=&#8221;28px&#8221; header_3_text_color=&#8221;#430C0D&#8221; header_3_font_size=&#8221;28px&#8221; header_3_line_height=&#8221;1.3em&#8221; body_link_text_align=&#8221;left&#8221; custom_margin=&#8221;||0px||false|false&#8221; saved_tabs=&#8221;all&#8221; locked=&#8221;off&#8221; global_colors_info=&#8221;{}&#8221; tabs_min_width_last_edited=&#8221;on|phone&#8221; tabs_item_bg_enable_color__hover=&#8221;on&#8221; tabs_item_bg_enable_color_phone=&#8221;on&#8221; tabs_item_active_bg_enable_color_phone=&#8221;on&#8221; tabs_active_item_padding__hover_enabled=&#8221;off|hover&#8221;][dipi_advanced_tabs_item title=&#8221;Description&#8221; use_library_content=&#8221;on&#8221; divi_library=&#8221;25983209&#8243; admin_label=&#8221;Description&#8221; icon_color=&#8221;rgba(21,2,42,0.3)&#8221; icon_color_active=&#8221;#B42124&#8243; tab_media=&#8221;icon&#8221; font_icon=&#8221;\ue610||divi||400&#8243; font_icon_active=&#8221;\uf2bd||fa||400&#8243; tab_icon_placement=&#8221;top&#8221; tab_icon_placement_phone=&#8221;top&#8221; _builder_version=&#8221;4.27.0&#8243; _module_preset=&#8221;default&#8221; text_font=&#8221;Inter|300|||||||&#8221; text_text_align=&#8221;center&#8221; text_text_color=&#8221;#430C0D&#8221; text_line_height=&#8221;1.9em&#8221; header_3_text_color=&#8221;#430C0D&#8221; header_3_font_size=&#8221;28px&#8221; custom_margin=&#8221;||0px||false|false&#8221; global_colors_info=&#8221;{}&#8221;]Lorem ipsum dolor sit amet, consectetur adipiscing elit. Quisque velit nisi, pretium ut lacinia in, elementum id enim. Quisque velit nisi, pretium ut lacinia in, elementum id enim.Proin eget tortor risus. Vestibulum ac diam sit amet quam vehicula elementum sed sit amet dui.<br \/>\n[\/dipi_advanced_tabs_item][dipi_advanced_tabs_item title=&#8221;Logiciel IDFix&#8221; use_library_content=&#8221;on&#8221; divi_library=&#8221;25983229&#8243; admin_label=&#8221;Sp\u00e9cifications&#8221; icon_color=&#8221;rgba(21,2,42,0.3)&#8221; icon_color_active=&#8221;#B42124&#8243; tab_media=&#8221;icon&#8221; font_icon=&#8221;Z||divi||400&#8243; font_icon_active=&#8221;g||divi||400&#8243; tab_icon_placement=&#8221;top&#8221; _builder_version=&#8221;4.27.0&#8243; _module_preset=&#8221;default&#8221; text_text_align=&#8221;center&#8221; text_text_color=&#8221;#15022A&#8221; text_line_height=&#8221;1.9em&#8221; custom_margin=&#8221;||0px||false|false&#8221; global_colors_info=&#8221;{}&#8221;]Lorem ipsum dolor sit amet, consectetur adipiscing elit. Quisque velit nisi, pretium ut lacinia in, elementum id enim. Quisque velit nisi, pretium ut lacinia in, elementum id enim.Proin eget tortor risus. Vestibulum ac diam sit amet quam vehicula elementum sed sit amet dui.<br \/>\n[\/dipi_advanced_tabs_item][dipi_advanced_tabs_item title=&#8221;T\u00e9l\u00e9chargements&#8221; admin_label=&#8221;Sp\u00e9cifications&#8221; img_placement=&#8221;row&#8221; icon_color=&#8221;rgba(21,2,42,0.3)&#8221; icon_color_active=&#8221;#B42124&#8243; tab_media=&#8221;icon&#8221; font_icon=&#8221;\uf1c1||fa||400&#8243; font_icon_active=&#8221;g||divi||400&#8243; tab_icon_placement=&#8221;top&#8221; _builder_version=&#8221;4.27.0&#8243; _module_preset=&#8221;default&#8221; text_text_align=&#8221;left&#8221; text_text_color=&#8221;#15022A&#8221; text_line_height=&#8221;1.9em&#8221; custom_margin=&#8221;||0px||false|false&#8221; global_colors_info=&#8221;{}&#8221;][\/dipi_advanced_tabs_item][\/dipi_advanced_tabs][\/et_pb_column][\/et_pb_row][\/et_pb_section]<\/p>\n","protected":false},"excerpt":{"rendered":"<p>SAMx Plus. EDS system for Scanning Electron Microscope including the best SDD detector, all EDS tools and spectral imaging.<div class=\"et_pb_with_border et_pb_module dipi_advanced_tabs dipi_advanced_tabs_0\">\n\t\t\t\t\n\t\t\t\t\n\t\t\t\t\n\t\t\t\t\n\t\t\t\t\n\t\t\t\t\n\t\t\t\t<div class=\"et_pb_module_inner\">\n\t\t\t\t\t<div class=\"dipi-advanced-tabs dipi-at-container dipi-advanced-tabs-front\"  data-tab_animation=\"fadeInUpShort\" data-animation_duration=\"600\" data-activate_on_hover=\"off\" data-activate_first_tab_as_placeholder=\"on\" data-use_sticky_tabs=\"off\" data-use_scroll_to_content=\"{&quot;desktop&quot;:&quot;off&quot;,&quot;tablet&quot;:&quot;off&quot;,&quot;phone&quot;:&quot;off&quot;}\" data-scroll_to_content_offset=\"{&quot;desktop&quot;:&quot;0px&quot;,&quot;tablet&quot;:&quot;0px&quot;,&quot;phone&quot;:&quot;0px&quot;}\" data-ts_navigation_vertical_position=\"{&quot;desktop&quot;:&quot;50&quot;,&quot;tablet&quot;:&quot;50&quot;,&quot;phone&quot;:&quot;40&quot;}\" data-ts_navigation_horizontal_position=\"{&quot;desktop&quot;:&quot;0&quot;,&quot;tablet&quot;:&quot;0&quot;,&quot;phone&quot;:&quot;15&quot;}\" data-sticky_distance=\"55px\" data-sticky_distance_tablet=\"55px\" data-sticky_distance_phone=\"\" data-admin_bar_space=\"\" data-turn_off_sticky=\"none\" data-module_class=\"dipi_advanced_tabs_0\" data-default_tab=\"0\">\n                    <div class=\"dipi-at-tabs-container dipi-at-slider\" data-slider='{\"allow_touch_move\":\"on\",\"enable_ts_on_wide\":\"off\",\"tabs_per_view_wide\":2,\"ts_navigation_wide\":\"off\",\"enable_ts_on_tab\":\"off\",\"tabs_per_view_tab\":2,\"ts_navigation_tab\":\"off\",\"enable_ts_on_pho\":\"on\",\"tabs_per_view_pho\":\"1\",\"ts_navigation_pho\":\"on\"}' data-next-icon=\"&#x24;\" data-prev-icon=\"&#x23;\" >\n                        <div class=\"dipi-at-tabs has-arrow arrow-place-top arrow-allign-center\"><\/div>\n                    <\/div>\n                    <div class=\"dipi-at-panels\"><\/div>\n                <\/div>\n\t\t\t\t<\/div>\n\t\t\t<\/div><div class=\"et_pb_module dipi_advanced_tabs_item dipi_advanced_tabs_item_0\">\n\t\t\t\t\n\t\t\t\t\n\t\t\t\t\n\t\t\t\t\n\t\t\t\t\n\t\t\t\t\n\t\t\t\t<div class=\"et_pb_module_inner\">\n\t\t\t\t\t<div class=\"dipi-at-panel\"><div class=\"dipi-at-panel-content\" data-imgplacement-desktop=\"column\" data-imgplacement-tablet=\"column\" data-imgplacement-phone=\"column\">\n                    \n                    <div class=\"dipi-at-panel-text\">\n                     \n                    <\/div>\n                <\/div><\/div>\n\t\t\t\t<\/div>\n\t\t\t<\/div><\/p>\n","protected":false},"author":3,"featured_media":0,"parent":25982768,"menu_order":0,"comment_status":"closed","ping_status":"closed","template":"","meta":{"_et_pb_use_builder":"on","_et_pb_old_content":"<p>[et_pb_section fb_built=\"1\" _builder_version=\"4.24.3\" _module_preset=\"default\" width=\"100%\" custom_margin=\"0px||0px||false|false\" custom_padding=\"0px||0px||false|false\" global_colors_info=\"{}\"][et_pb_row _builder_version=\"4.25.0\" _module_preset=\"default\" width=\"90%\" max_width=\"1170px\" custom_margin=\"0px||75px||false|false\" custom_margin_tablet=\"0px||75px||false|false\" custom_margin_phone=\"0px||55px||false|false\" custom_margin_last_edited=\"on|phone\" custom_padding=\"0px||0px||false|false\" animation_style=\"fade\" animation_speed_curve=\"ease\" locked=\"off\" global_colors_info=\"{}\"][et_pb_column type=\"4_4\" _builder_version=\"4.24.2\" _module_preset=\"default\" global_colors_info=\"{}\"][et_pb_text _builder_version=\"4.27.0\" _module_preset=\"default\" header_2_font=\"Albert Sans|700|||||||\" header_2_text_align=\"center\" header_2_text_color=\"#430C0D\" header_2_font_size=\"38px\" header_2_line_height=\"1.2em\" module_alignment=\"center\" custom_margin=\"0px||30px||false|false\" hover_enabled=\"0\" header_2_font_size_tablet=\"41px\" header_2_font_size_phone=\"28px\" header_2_font_size_last_edited=\"on|phone\" global_colors_info=\"{}\" sticky_enabled=\"0\"]<\/p><h2>SAMx Plus<span style=\"color: #ee0d08;\">.<\/span><\/h2><p>[\/et_pb_text][\/et_pb_column][\/et_pb_row][et_pb_row column_structure=\"3_5,2_5\" use_custom_gutter=\"on\" gutter_width=\"4\" make_equal=\"on\" _builder_version=\"4.24.3\" _module_preset=\"default\" width=\"100%\" max_width=\"100%\" custom_margin=\"0px||||false|false\" custom_padding=\"0px||75px||false|false\" global_colors_info=\"{}\"][et_pb_column type=\"3_5\" _builder_version=\"4.24.3\" _module_preset=\"default\" global_colors_info=\"{}\"][et_pb_divider color=\"#ee0d08\" divider_weight=\"4px\" _builder_version=\"4.24.3\" _module_preset=\"default\" max_width=\"100px\" module_alignment=\"left\" max_height=\"4px\" custom_margin=\"0px||34px||false|false\" custom_padding=\"0px||0px||false|false\" locked=\"off\" global_colors_info=\"{}\"][\/et_pb_divider][et_pb_text _builder_version=\"4.27.0\" _module_preset=\"default\" custom_margin=\"0px||||false|false\" locked=\"off\" global_colors_info=\"{}\"]<\/p><p>Syst\u00e8me EDS pour Microscope Electronique \u00e0 Balayage incluant le meilleur d\u00e9tecteur SDD, tous les outils EDS et l'imagerie spectrale.<\/p><p>[\/et_pb_text][\/et_pb_column][et_pb_column type=\"2_5\" _builder_version=\"4.24.3\" _module_preset=\"default\" custom_css_main_element=\"margin: auto;\" global_colors_info=\"{}\"][et_pb_image src=\"https:\/\/eden-instruments.com\/wp-content\/uploads\/2024\/08\/IMG_4696-002-scaled.jpg\" title_text=\"SAMX PLUS EDS\" _builder_version=\"4.27.0\" _module_preset=\"default\" global_colors_info=\"{}\"][\/et_pb_image][\/et_pb_column][\/et_pb_row][et_pb_row _builder_version=\"4.27.0\" _module_preset=\"default\" width=\"100%\" max_width=\"100%\" locked=\"off\" global_colors_info=\"{}\"][et_pb_column type=\"4_4\" _builder_version=\"4.24.3\" _module_preset=\"default\" global_colors_info=\"{}\"][dipi_advanced_tabs tabs_min_width_tablet=\"\" use_tabs_fullwidth_phone=\"on\" tabs_min_width_phone=\"100%\" tabs_placement_phone=\"column\" navigation_size=\"30\" navigation_padding=\"30\" admin_label=\"Sp\u00e9cifications\" _builder_version=\"4.25.0\" _module_preset=\"default\" header_text_color=\"#430C0D\" header_font_size=\"28px\" header_2_text_color=\"#430C0D\" header_2_font_size=\"28px\" header_3_text_color=\"#430C0D\" header_3_font_size=\"28px\" header_3_line_height=\"1.3em\" body_link_text_align=\"left\" custom_margin=\"||0px||false|false\" global_module=\"22989272\" saved_tabs=\"all\" locked=\"off\" global_colors_info=\"{}\" tabs_min_width_last_edited=\"on|phone\" tabs_item_bg_enable_color__hover=\"on\" tabs_item_bg_enable_color_phone=\"on\" tabs_item_active_bg_enable_color_phone=\"on\" tabs_active_item_padding__hover_enabled=\"off|hover\"][dipi_advanced_tabs_item title=\"Description\" use_library_content=\"on\" divi_library=\"25983209\" admin_label=\"Description\" icon_color=\"rgba(21,2,42,0.3)\" icon_color_active=\"#B42124\" tab_media=\"icon\" font_icon=\"\ue610||divi||400\" font_icon_active=\"\uf2bd||fa||400\" tab_icon_placement=\"top\" tab_icon_placement_phone=\"top\" _builder_version=\"4.27.0\" _module_preset=\"default\" text_font=\"Inter|300|||||||\" text_text_align=\"center\" text_text_color=\"#430C0D\" text_line_height=\"1.9em\" header_3_text_color=\"#430C0D\" header_3_font_size=\"28px\" custom_margin=\"||0px||false|false\" global_colors_info=\"{}\"]<\/p><p>Lorem ipsum dolor sit amet, consectetur adipiscing elit. Quisque velit nisi, pretium ut lacinia in, elementum id enim. Quisque velit nisi, pretium ut lacinia in, elementum id enim.Proin eget tortor risus. Vestibulum ac diam sit amet quam vehicula elementum sed sit amet dui.<\/p><p>[\/dipi_advanced_tabs_item][dipi_advanced_tabs_item title=\"Logiciel IDFix\" use_library_content=\"on\" divi_library=\"25983229\" admin_label=\"Sp\u00e9cifications\" icon_color=\"rgba(21,2,42,0.3)\" icon_color_active=\"#B42124\" tab_media=\"icon\" font_icon=\"Z||divi||400\" font_icon_active=\"g||divi||400\" tab_icon_placement=\"top\" _builder_version=\"4.27.0\" _module_preset=\"default\" text_text_align=\"center\" text_text_color=\"#15022A\" text_line_height=\"1.9em\" custom_margin=\"||0px||false|false\" global_colors_info=\"{}\"]<\/p><p>Lorem ipsum dolor sit amet, consectetur adipiscing elit. Quisque velit nisi, pretium ut lacinia in, elementum id enim. Quisque velit nisi, pretium ut lacinia in, elementum id enim.Proin eget tortor risus. Vestibulum ac diam sit amet quam vehicula elementum sed sit amet dui.<\/p><p>[\/dipi_advanced_tabs_item][dipi_advanced_tabs_item title=\"T\u00e9l\u00e9chargements\" admin_label=\"Sp\u00e9cifications\" img_placement=\"row\" icon_color=\"rgba(21,2,42,0.3)\" icon_color_active=\"#B42124\" tab_media=\"icon\" font_icon=\"\uf1c1||fa||400\" font_icon_active=\"g||divi||400\" tab_icon_placement=\"top\" _builder_version=\"4.25.0\" _module_preset=\"default\" text_text_align=\"left\" text_text_color=\"#15022A\" text_line_height=\"1.9em\" custom_margin=\"||0px||false|false\" global_colors_info=\"{}\"]<\/p><p>[download id='25980921']<\/p><p>[\/dipi_advanced_tabs_item][\/dipi_advanced_tabs][\/et_pb_column][\/et_pb_row][\/et_pb_section]<\/p>","_et_gb_content_width":"","footnotes":""},"dipi_cpt_category":[],"class_list":["post-25983280","page","type-page","status-publish","hentry"],"_links":{"self":[{"href":"https:\/\/eden-instruments.com\/en\/wp-json\/wp\/v2\/pages\/25983280","targetHints":{"allow":["GET"]}}],"collection":[{"href":"https:\/\/eden-instruments.com\/en\/wp-json\/wp\/v2\/pages"}],"about":[{"href":"https:\/\/eden-instruments.com\/en\/wp-json\/wp\/v2\/types\/page"}],"author":[{"embeddable":true,"href":"https:\/\/eden-instruments.com\/en\/wp-json\/wp\/v2\/users\/3"}],"replies":[{"embeddable":true,"href":"https:\/\/eden-instruments.com\/en\/wp-json\/wp\/v2\/comments?post=25983280"}],"version-history":[{"count":5,"href":"https:\/\/eden-instruments.com\/en\/wp-json\/wp\/v2\/pages\/25983280\/revisions"}],"predecessor-version":[{"id":25983297,"href":"https:\/\/eden-instruments.com\/en\/wp-json\/wp\/v2\/pages\/25983280\/revisions\/25983297"}],"up":[{"embeddable":true,"href":"https:\/\/eden-instruments.com\/en\/wp-json\/wp\/v2\/pages\/25982768"}],"wp:attachment":[{"href":"https:\/\/eden-instruments.com\/en\/wp-json\/wp\/v2\/media?parent=25983280"}],"wp:term":[{"taxonomy":"dipi_cpt_category","embeddable":true,"href":"https:\/\/eden-instruments.com\/en\/wp-json\/wp\/v2\/dipi_cpt_category?post=25983280"}],"curies":[{"name":"wp","href":"https:\/\/api.w.org\/{rel}","templated":true}]}}