{"id":25982694,"date":"2024-05-01T10:47:13","date_gmt":"2024-05-01T08:47:13","guid":{"rendered":"https:\/\/eden-instruments.com\/ex-situ-equipments\/rmc-em-sample-prep-solutions\/systeme-de-cryo-substitution-fs-8500\/"},"modified":"2024-06-08T19:34:20","modified_gmt":"2024-06-08T17:34:20","slug":"freeze-substitution-system-fs-8500","status":"publish","type":"page","link":"https:\/\/eden-instruments.com\/en\/ex-situ-equipments\/rmc-em-sample-prep-solutions\/freeze-substitution-system-fs-8500\/","title":{"rendered":"Freeze Substitution System FS-8500"},"content":{"rendered":"<p>[et_pb_section fb_built=&#8221;1&#8243; _builder_version=&#8221;4.24.3&#8243; _module_preset=&#8221;default&#8221; width=&#8221;100%&#8221; custom_margin=&#8221;0px||0px||false|false&#8221; custom_padding=&#8221;0px||0px||false|false&#8221; global_colors_info=&#8221;{}&#8221;][et_pb_row column_structure=&#8221;3_5,2_5&#8243; use_custom_gutter=&#8221;on&#8221; gutter_width=&#8221;4&#8243; make_equal=&#8221;on&#8221; _builder_version=&#8221;4.24.3&#8243; _module_preset=&#8221;default&#8221; width=&#8221;100%&#8221; max_width=&#8221;100%&#8221; custom_margin=&#8221;0px||||false|false&#8221; custom_padding=&#8221;0px||75px||false|false&#8221; global_colors_info=&#8221;{}&#8221;][et_pb_column type=&#8221;3_5&#8243; _builder_version=&#8221;4.24.3&#8243; _module_preset=&#8221;default&#8221; global_colors_info=&#8221;{}&#8221;][et_pb_text _builder_version=&#8221;4.25.1&#8243; _module_preset=&#8221;default&#8221; header_3_text_align=&#8221;left&#8221; header_3_line_height=&#8221;1.2em&#8221; max_width_tablet=&#8221;35rem&#8221; max_width_phone=&#8221;35rem&#8221; max_width_last_edited=&#8221;off|desktop&#8221; custom_margin=&#8221;0px||9px||false|false&#8221; hover_enabled=&#8221;0&#8243; header_3_font_size_tablet=&#8221;32px&#8221; header_3_font_size_phone=&#8221;26px&#8221; header_3_font_size_last_edited=&#8221;on|phone&#8221; locked=&#8221;off&#8221; global_colors_info=&#8221;{}&#8221; sticky_enabled=&#8221;0&#8243;]<\/p>\n<h3>rouble-free freeze-substitution and low temperature embedding on a routine basis<\/h3>\n<p>[\/et_pb_text][et_pb_divider color=&#8221;#ee0d08&#8243; divider_weight=&#8221;4px&#8221; _builder_version=&#8221;4.24.3&#8243; _module_preset=&#8221;default&#8221; max_width=&#8221;100px&#8221; module_alignment=&#8221;left&#8221; max_height=&#8221;4px&#8221; custom_margin=&#8221;0px||34px||false|false&#8221; custom_padding=&#8221;0px||0px||false|false&#8221; locked=&#8221;off&#8221; global_colors_info=&#8221;{}&#8221;][\/et_pb_divider][et_pb_text _builder_version=&#8221;4.25.1&#8243; _module_preset=&#8221;default&#8221; custom_margin=&#8221;0px||||false|false&#8221; hover_enabled=&#8221;0&#8243; locked=&#8221;off&#8221; global_colors_info=&#8221;{}&#8221; sticky_enabled=&#8221;0&#8243;]<\/p>\n<ul>\n<li>Unlimited capability for storing protocols and reports<\/li>\n<li>Additional temperaure sensor provided to measure sample temperature in a reagent vial during Freeze Substitution run.<\/li>\n<li>Low-loss LN2 Dewar can be refilled during a substitution run<\/li>\n<li>Internal illumination of substitution work chamber automatically activated when chamber cover removed<\/li>\n<li>Specimen agitation<\/li>\n<li>Cryo transfer tool provided to safely &amp; conveniently remove cold sample holders<\/li>\n<\/ul>\n<p>[\/et_pb_text][\/et_pb_column][et_pb_column type=&#8221;2_5&#8243; _builder_version=&#8221;4.24.3&#8243; _module_preset=&#8221;default&#8221; custom_css_main_element=&#8221;margin: auto;&#8221; global_colors_info=&#8221;{}&#8221;][et_pb_image src=&#8221;data:image\/svg+xml;base64,PHN2ZyB3aWR0aD0iMTA4MCIgaGVpZ2h0PSI1NDAiIHZpZXdCb3g9IjAgMCAxMDgwIDU0MCIgeG1sbnM9Imh0dHA6Ly93d3cudzMub3JnLzIwMDAvc3ZnIj4KICAgIDxnIGZpbGw9Im5vbmUiIGZpbGwtcnVsZT0iZXZlbm9kZCI+CiAgICAgICAgPHBhdGggZmlsbD0iI0VCRUJFQiIgZD0iTTAgMGgxMDgwdjU0MEgweiIvPgogICAgICAgIDxwYXRoIGQ9Ik00NDUuNjQ5IDU0MGgtOTguOTk1TDE0NC42NDkgMzM3Ljk5NSAwIDQ4Mi42NDR2LTk4Ljk5NWwxMTYuMzY1LTExNi4zNjVjMTUuNjItMTUuNjIgNDAuOTQ3LTE1LjYyIDU2LjU2OCAwTDQ0NS42NSA1NDB6IiBmaWxsLW9wYWNpdHk9Ii4xIiBmaWxsPSIjMDAwIiBmaWxsLXJ1bGU9Im5vbnplcm8iLz4KICAgICAgICA8Y2lyY2xlIGZpbGwtb3BhY2l0eT0iLjA1IiBmaWxsPSIjMDAwIiBjeD0iMzMxIiBjeT0iMTQ4IiByPSI3MCIvPgogICAgICAgIDxwYXRoIGQ9Ik0xMDgwIDM3OXYxMTMuMTM3TDcyOC4xNjIgMTQwLjMgMzI4LjQ2MiA1NDBIMjE1LjMyNEw2OTkuODc4IDU1LjQ0NmMxNS42Mi0xNS42MiA0MC45NDgtMTUuNjIgNTYuNTY4IDBMMTA4MCAzNzl6IiBmaWxsLW9wYWNpdHk9Ii4yIiBmaWxsPSIjMDAwIiBmaWxsLXJ1bGU9Im5vbnplcm8iLz4KICAgIDwvZz4KPC9zdmc+Cg==&#8221; _builder_version=&#8221;4.25.0&#8243; _module_preset=&#8221;default&#8221; global_colors_info=&#8221;{}&#8221;][\/et_pb_image][\/et_pb_column][\/et_pb_row][et_pb_row _builder_version=&#8221;4.25.0&#8243; _module_preset=&#8221;default&#8221; width=&#8221;100%&#8221; max_width=&#8221;100%&#8221; global_colors_info=&#8221;{}&#8221;][et_pb_column type=&#8221;4_4&#8243; _builder_version=&#8221;4.24.3&#8243; _module_preset=&#8221;default&#8221; global_colors_info=&#8221;{}&#8221;][dipi_advanced_tabs tabs_min_width_tablet=&#8221;&#8221; use_tabs_fullwidth_phone=&#8221;on&#8221; tabs_min_width_phone=&#8221;100%&#8221; tabs_placement_phone=&#8221;column&#8221; navigation_size=&#8221;30&#8243; navigation_padding=&#8221;30&#8243; admin_label=&#8221;Sp\u00e9cifications&#8221; _builder_version=&#8221;4.25.1&#8243; _module_preset=&#8221;default&#8221; header_text_color=&#8221;#430C0D&#8221; header_font_size=&#8221;28px&#8221; header_2_text_color=&#8221;#430C0D&#8221; header_2_font_size=&#8221;28px&#8221; header_3_text_color=&#8221;#430C0D&#8221; header_3_font_size=&#8221;28px&#8221; header_3_line_height=&#8221;1.3em&#8221; body_link_text_align=&#8221;left&#8221; custom_margin=&#8221;||0px||false|false&#8221; hover_enabled=&#8221;0&#8243; saved_tabs=&#8221;all&#8221; locked=&#8221;off&#8221; global_colors_info=&#8221;{}&#8221; tabs_min_width_last_edited=&#8221;on|phone&#8221; tabs_item_bg_enable_color__hover=&#8221;on&#8221; tabs_item_bg_enable_color_phone=&#8221;on&#8221; tabs_item_active_bg_enable_color_phone=&#8221;on&#8221; tabs_active_item_padding__hover_enabled=&#8221;off|hover&#8221; sticky_enabled=&#8221;0&#8243;][dipi_advanced_tabs_item title=&#8221;Description&#8221; use_library_content=&#8221;on&#8221; divi_library=&#8221;25980722&#8243; admin_label=&#8221;Description&#8221; icon_color=&#8221;rgba(21,2,42,0.3)&#8221; icon_color_active=&#8221;#B42124&#8243; tab_media=&#8221;icon&#8221; font_icon=&#8221;\ue610||divi||400&#8243; font_icon_active=&#8221;\uf2bd||fa||400&#8243; tab_icon_placement=&#8221;top&#8221; tab_icon_placement_phone=&#8221;top&#8221; _builder_version=&#8221;4.25.0&#8243; _module_preset=&#8221;default&#8221; text_font=&#8221;Inter|300|||||||&#8221; text_text_align=&#8221;center&#8221; text_text_color=&#8221;#430C0D&#8221; text_line_height=&#8221;1.9em&#8221; header_3_text_color=&#8221;#430C0D&#8221; header_3_font_size=&#8221;28px&#8221; custom_margin=&#8221;||0px||false|false&#8221; global_colors_info=&#8221;{}&#8221;]<\/p>\n<p>Lorem ipsum dolor sit amet, consectetur adipiscing elit. Quisque velit nisi, pretium ut lacinia in, elementum id enim. Quisque velit nisi, pretium ut lacinia in, elementum id enim.Proin eget tortor risus. Vestibulum ac diam sit amet quam vehicula elementum sed sit amet dui.<\/p>\n<p>[\/dipi_advanced_tabs_item][dipi_advanced_tabs_item title=&#8221;Sp\u00e9cifications&#8221; use_library_content=&#8221;on&#8221; divi_library=&#8221;25980726&#8243; admin_label=&#8221;Sp\u00e9cifications&#8221; icon_color=&#8221;rgba(21,2,42,0.3)&#8221; icon_color_active=&#8221;#B42124&#8243; tab_media=&#8221;icon&#8221; font_icon=&#8221;Z||divi||400&#8243; font_icon_active=&#8221;g||divi||400&#8243; tab_icon_placement=&#8221;top&#8221; _builder_version=&#8221;4.25.0&#8243; _module_preset=&#8221;default&#8221; text_text_align=&#8221;center&#8221; text_text_color=&#8221;#15022A&#8221; text_line_height=&#8221;1.9em&#8221; custom_margin=&#8221;||0px||false|false&#8221; global_colors_info=&#8221;{}&#8221;]<\/p>\n<p>Lorem ipsum dolor sit amet, consectetur adipiscing elit. Quisque velit nisi, pretium ut lacinia in, elementum id enim. Quisque velit nisi, pretium ut lacinia in, elementum id enim.Proin eget tortor risus. Vestibulum ac diam sit amet quam vehicula elementum sed sit amet dui.<\/p>\n<p>[\/dipi_advanced_tabs_item][dipi_advanced_tabs_item title=&#8221;Downloads&#8221; admin_label=&#8221;Sp\u00e9cifications&#8221; img_placement=&#8221;row&#8221; icon_color=&#8221;rgba(21,2,42,0.3)&#8221; icon_color_active=&#8221;#B42124&#8243; tab_media=&#8221;icon&#8221; font_icon=&#8221;\uf1c1||fa||400&#8243; font_icon_active=&#8221;g||divi||400&#8243; tab_icon_placement=&#8221;top&#8221; _builder_version=&#8221;4.25.1&#8243; _module_preset=&#8221;default&#8221; text_text_align=&#8221;left&#8221; text_text_color=&#8221;#15022A&#8221; text_line_height=&#8221;1.9em&#8221; custom_margin=&#8221;||0px||false|false&#8221; hover_enabled=&#8221;0&#8243; global_colors_info=&#8221;{}&#8221; sticky_enabled=&#8221;0&#8243;]<\/p>\n<a  data-e-Disable-Page-Transition=\"true\" class=\"download-link\" title=\"\" href=\"https:\/\/eden-instruments.com\/en\/telechargement\/25980730\/?tmstv=1776776683\" rel=\"nofollow\" id=\"download-link-25980730\" data-redirect=\"false\" >\n\tPlaquette - Syst\u00e8me de cryo-substitution avec agitateur de sp\u00e9cimen int\u00e9gr\u00e9 FS 8500\t(4 downloads\t)\n<\/a>\n\n<p>[\/dipi_advanced_tabs_item][\/dipi_advanced_tabs][\/et_pb_column][\/et_pb_row][\/et_pb_section]<\/p>\n","protected":false},"excerpt":{"rendered":"<p>rouble-free freeze-substitution and low temperature embedding on a routine basis Unlimited capability for storing protocols and reports Additional temperaure sensor provided to measure sample temperature in a reagent vial during Freeze Substitution run. Low-loss LN2 Dewar can be refilled during a substitution run Internal illumination of substitution work chamber automatically activated when chamber cover removed [&hellip;]<\/p>\n","protected":false},"author":1,"featured_media":0,"parent":25982593,"menu_order":0,"comment_status":"closed","ping_status":"closed","template":"","meta":{"_et_pb_use_builder":"on","_et_pb_old_content":"","_et_gb_content_width":"","footnotes":""},"dipi_cpt_category":[],"class_list":["post-25982694","page","type-page","status-publish","hentry"],"_links":{"self":[{"href":"https:\/\/eden-instruments.com\/en\/wp-json\/wp\/v2\/pages\/25982694","targetHints":{"allow":["GET"]}}],"collection":[{"href":"https:\/\/eden-instruments.com\/en\/wp-json\/wp\/v2\/pages"}],"about":[{"href":"https:\/\/eden-instruments.com\/en\/wp-json\/wp\/v2\/types\/page"}],"author":[{"embeddable":true,"href":"https:\/\/eden-instruments.com\/en\/wp-json\/wp\/v2\/users\/1"}],"replies":[{"embeddable":true,"href":"https:\/\/eden-instruments.com\/en\/wp-json\/wp\/v2\/comments?post=25982694"}],"version-history":[{"count":2,"href":"https:\/\/eden-instruments.com\/en\/wp-json\/wp\/v2\/pages\/25982694\/revisions"}],"predecessor-version":[{"id":25982698,"href":"https:\/\/eden-instruments.com\/en\/wp-json\/wp\/v2\/pages\/25982694\/revisions\/25982698"}],"up":[{"embeddable":true,"href":"https:\/\/eden-instruments.com\/en\/wp-json\/wp\/v2\/pages\/25982593"}],"wp:attachment":[{"href":"https:\/\/eden-instruments.com\/en\/wp-json\/wp\/v2\/media?parent=25982694"}],"wp:term":[{"taxonomy":"dipi_cpt_category","embeddable":true,"href":"https:\/\/eden-instruments.com\/en\/wp-json\/wp\/v2\/dipi_cpt_category?post=25982694"}],"curies":[{"name":"wp","href":"https:\/\/api.w.org\/{rel}","templated":true}]}}