{"id":25982355,"date":"2024-04-25T18:11:59","date_gmt":"2024-04-25T16:11:59","guid":{"rendered":"https:\/\/eden-instruments.com\/in-operando-equipments\/protochips-in-situ-in-operando-em-microscopy\/poseidon-select-porte-echantillon-met-en-voie-liquide\/"},"modified":"2024-06-01T13:32:37","modified_gmt":"2024-06-01T11:32:37","slug":"poseidon","status":"publish","type":"page","link":"https:\/\/eden-instruments.com\/en\/in-operando-equipments\/protochips-in-situ-in-operando-em-microscopy\/poseidon\/","title":{"rendered":"POSEIDON"},"content":{"rendered":"<p>[et_pb_section fb_built=&#8221;1&#8243; _builder_version=&#8221;4.24.3&#8243; _module_preset=&#8221;default&#8221; width=&#8221;100%&#8221; custom_margin=&#8221;0px||0px||false|false&#8221; custom_padding=&#8221;0px||0px||false|false&#8221; global_colors_info=&#8221;{}&#8221;][et_pb_row _builder_version=&#8221;4.24.3&#8243; _module_preset=&#8221;default&#8221; width=&#8221;90%&#8221; max_width=&#8221;1170px&#8221; custom_margin=&#8221;0px||75px||false|false&#8221; custom_margin_tablet=&#8221;0px||75px||false|false&#8221; custom_margin_phone=&#8221;0px||55px||false|false&#8221; custom_margin_last_edited=&#8221;on|phone&#8221; custom_padding=&#8221;0px||0px||false|false&#8221; animation_style=&#8221;fade&#8221; animation_speed_curve=&#8221;ease&#8221; locked=&#8221;off&#8221; global_colors_info=&#8221;{}&#8221;][et_pb_column type=&#8221;4_4&#8243; _builder_version=&#8221;4.24.2&#8243; _module_preset=&#8221;default&#8221; global_colors_info=&#8221;{}&#8221;][et_pb_text _builder_version=&#8221;4.25.1&#8243; _module_preset=&#8221;default&#8221; header_2_font=&#8221;Albert Sans|700|||||||&#8221; header_2_text_align=&#8221;center&#8221; header_2_text_color=&#8221;#430C0D&#8221; header_2_font_size=&#8221;38px&#8221; header_2_line_height=&#8221;1.2em&#8221; max_width=&#8221;750px&#8221; module_alignment=&#8221;center&#8221; custom_margin=&#8221;0px||30px||false|false&#8221; header_2_font_size_tablet=&#8221;41px&#8221; header_2_font_size_phone=&#8221;28px&#8221; header_2_font_size_last_edited=&#8221;on|phone&#8221; global_colors_info=&#8221;{}&#8221;]<\/p>\n<h2>In Situ Poseidon Liquid Flow TEM Holder<span style=\"color: #ee0d08;\">.<\/span><\/h2>\n<p>[\/et_pb_text][\/et_pb_column][\/et_pb_row][et_pb_row column_structure=&#8221;3_5,2_5&#8243; use_custom_gutter=&#8221;on&#8221; gutter_width=&#8221;4&#8243; make_equal=&#8221;on&#8221; _builder_version=&#8221;4.24.3&#8243; _module_preset=&#8221;default&#8221; width=&#8221;100%&#8221; max_width=&#8221;100%&#8221; custom_margin=&#8221;0px||||false|false&#8221; custom_padding=&#8221;0px||75px||false|false&#8221; global_colors_info=&#8221;{}&#8221;][et_pb_column type=&#8221;3_5&#8243; _builder_version=&#8221;4.24.3&#8243; _module_preset=&#8221;default&#8221; global_colors_info=&#8221;{}&#8221;][et_pb_text _builder_version=&#8221;4.25.1&#8243; _module_preset=&#8221;default&#8221; header_3_text_align=&#8221;left&#8221; header_3_line_height=&#8221;1.2em&#8221; max_width_tablet=&#8221;35rem&#8221; max_width_phone=&#8221;35rem&#8221; max_width_last_edited=&#8221;off|desktop&#8221; custom_margin=&#8221;0px||9px||false|false&#8221; header_3_font_size_tablet=&#8221;32px&#8221; header_3_font_size_phone=&#8221;26px&#8221; header_3_font_size_last_edited=&#8221;on|phone&#8221; locked=&#8221;off&#8221; global_colors_info=&#8221;{}&#8221;]<\/p>\n<h3>LIQUID AND ELECTRO CHEMICAL CONTROL WITHIN THE MICROSCOPE<\/h3>\n<p>[\/et_pb_text][et_pb_divider color=&#8221;#ee0d08&#8243; divider_weight=&#8221;4px&#8221; _builder_version=&#8221;4.24.3&#8243; _module_preset=&#8221;default&#8221; max_width=&#8221;100px&#8221; module_alignment=&#8221;left&#8221; max_height=&#8221;4px&#8221; custom_margin=&#8221;0px||34px||false|false&#8221; custom_padding=&#8221;0px||0px||false|false&#8221; locked=&#8221;off&#8221; global_colors_info=&#8221;{}&#8221;][\/et_pb_divider][et_pb_text _builder_version=&#8221;4.25.1&#8243; _module_preset=&#8221;default&#8221; locked=&#8221;off&#8221; global_colors_info=&#8221;{}&#8221;]<\/p>\n<p><span>Poseidon\u2122 allows scientists and engineers to image materials and biological samples in a self-contained and fully hydrated flowing and mixing chamber, directly within the TEM.<\/span><\/p>\n<p>[\/et_pb_text][et_pb_text _builder_version=&#8221;4.25.0&#8243; _module_preset=&#8221;default&#8221; locked=&#8221;off&#8221; global_colors_info=&#8221;{}&#8221;]<a  data-e-Disable-Page-Transition=\"true\" class=\"download-link\" title=\"\" href=\"https:\/\/eden-instruments.com\/en\/telechargement\/25979994\/?tmstv=1778510688\" rel=\"nofollow\" id=\"download-link-25979994\" data-redirect=\"false\" >\n\tBrochure Poseidon Select\t(8 downloads\t)\n<\/a>\n[\/et_pb_text][\/et_pb_column][et_pb_column type=&#8221;2_5&#8243; _builder_version=&#8221;4.24.3&#8243; _module_preset=&#8221;default&#8221; custom_css_main_element=&#8221;margin: auto;&#8221; global_colors_info=&#8221;{}&#8221;][et_pb_video src=&#8221;https:\/\/youtu.be\/zoSWBStFBrY&#8221; _builder_version=&#8221;4.25.0&#8243; _module_preset=&#8221;default&#8221; global_colors_info=&#8221;{}&#8221;][\/et_pb_video][\/et_pb_column][\/et_pb_row][et_pb_row _builder_version=&#8221;4.25.0&#8243; _module_preset=&#8221;default&#8221; width=&#8221;100%&#8221; max_width=&#8221;100%&#8221; locked=&#8221;off&#8221; global_colors_info=&#8221;{}&#8221;][et_pb_column type=&#8221;4_4&#8243; _builder_version=&#8221;4.24.3&#8243; _module_preset=&#8221;default&#8221; global_colors_info=&#8221;{}&#8221;][dipi_advanced_tabs tabs_min_width_tablet=&#8221;&#8221; use_tabs_fullwidth_phone=&#8221;on&#8221; tabs_min_width_phone=&#8221;100%&#8221; tabs_placement_phone=&#8221;column&#8221; navigation_size=&#8221;30&#8243; navigation_padding=&#8221;30&#8243; admin_label=&#8221;T\u00e9l\u00e9chargements&#8221; _builder_version=&#8221;4.25.1&#8243; _module_preset=&#8221;default&#8221; header_text_color=&#8221;#430C0D&#8221; header_font_size=&#8221;28px&#8221; header_2_text_color=&#8221;#430C0D&#8221; header_2_font_size=&#8221;28px&#8221; header_3_text_color=&#8221;#430C0D&#8221; header_3_font_size=&#8221;28px&#8221; header_3_line_height=&#8221;1.3em&#8221; body_link_text_align=&#8221;left&#8221; custom_margin=&#8221;||0px||false|false&#8221; hover_enabled=&#8221;0&#8243; saved_tabs=&#8221;all&#8221; locked=&#8221;off&#8221; global_colors_info=&#8221;{}&#8221; tabs_min_width_last_edited=&#8221;on|phone&#8221; tabs_item_bg_enable_color__hover=&#8221;on&#8221; tabs_item_bg_enable_color_phone=&#8221;on&#8221; tabs_item_active_bg_enable_color_phone=&#8221;on&#8221; tabs_active_item_padding__hover_enabled=&#8221;off|hover&#8221; sticky_enabled=&#8221;0&#8243;][dipi_advanced_tabs_item title=&#8221;Description&#8221; use_library_content=&#8221;on&#8221; divi_library=&#8221;25980113&#8243; admin_label=&#8221;Description&#8221; icon_color=&#8221;rgba(21,2,42,0.3)&#8221; icon_color_active=&#8221;#B42124&#8243; tab_media=&#8221;icon&#8221; font_icon=&#8221;\ue610||divi||400&#8243; font_icon_active=&#8221;\uf2bd||fa||400&#8243; tab_icon_placement=&#8221;top&#8221; tab_icon_placement_phone=&#8221;top&#8221; _builder_version=&#8221;4.25.1&#8243; _module_preset=&#8221;default&#8221; text_font=&#8221;Inter|300|||||||&#8221; text_text_align=&#8221;center&#8221; text_text_color=&#8221;#430C0D&#8221; text_line_height=&#8221;1.9em&#8221; header_3_text_color=&#8221;#430C0D&#8221; header_3_font_size=&#8221;28px&#8221; custom_margin=&#8221;||0px||false|false&#8221; hover_enabled=&#8221;0&#8243; global_colors_info=&#8221;{}&#8221; sticky_enabled=&#8221;0&#8243;]<\/p>\n<p>Lorem ipsum dolor sit amet, consectetur adipiscing elit. Quisque velit nisi, pretium ut lacinia in, elementum id enim. Quisque velit nisi, pretium ut lacinia in, elementum id enim.Proin eget tortor risus. Vestibulum ac diam sit amet quam vehicula elementum sed sit amet dui.<\/p>\n<p>[\/dipi_advanced_tabs_item][dipi_advanced_tabs_item title=&#8221;Images et vid\u00e9os&#8221; use_library_content=&#8221;on&#8221; divi_library=&#8221;25980130&#8243; admin_label=&#8221;Description&#8221; icon_color=&#8221;rgba(21,2,42,0.3)&#8221; icon_color_active=&#8221;#B42124&#8243; tab_media=&#8221;icon&#8221; font_icon=&#8221;\uf144||fa||400&#8243; font_icon_active=&#8221;\uf2bd||fa||400&#8243; tab_icon_placement=&#8221;top&#8221; tab_icon_placement_phone=&#8221;top&#8221; _builder_version=&#8221;4.25.1&#8243; _module_preset=&#8221;default&#8221; text_font=&#8221;Inter|300|||||||&#8221; text_text_align=&#8221;center&#8221; text_text_color=&#8221;#430C0D&#8221; text_line_height=&#8221;1.9em&#8221; header_3_text_color=&#8221;#430C0D&#8221; header_3_font_size=&#8221;28px&#8221; custom_margin=&#8221;||0px||false|false&#8221; hover_enabled=&#8221;0&#8243; global_colors_info=&#8221;{}&#8221; sticky_enabled=&#8221;0&#8243;]<\/p>\n<p>Lorem ipsum dolor sit amet, consectetur adipiscing elit. Quisque velit nisi, pretium ut lacinia in, elementum id enim. Quisque velit nisi, pretium ut lacinia in, elementum id enim.Proin eget tortor risus. Vestibulum ac diam sit amet quam vehicula elementum sed sit amet dui.<\/p>\n<p>[\/dipi_advanced_tabs_item][dipi_advanced_tabs_item title=&#8221;Sp\u00e9cifications&#8221; admin_label=&#8221;Sp\u00e9cifications&#8221; img_placement=&#8221;row&#8221; icon_color=&#8221;rgba(21,2,42,0.3)&#8221; icon_color_active=&#8221;#B42124&#8243; tab_media=&#8221;icon&#8221; font_icon=&#8221;Z||divi||400&#8243; font_icon_active=&#8221;\uf2bd||fa||400&#8243; tab_icon_placement=&#8221;top&#8221; tab_icon_placement_phone=&#8221;top&#8221; _builder_version=&#8221;4.25.1&#8243; _module_preset=&#8221;default&#8221; text_font=&#8221;Inter|300|||||||&#8221; text_text_align=&#8221;left&#8221; text_text_color=&#8221;#430C0D&#8221; text_line_height=&#8221;1.9em&#8221; header_3_text_color=&#8221;#430C0D&#8221; header_3_font_size=&#8221;28px&#8221; custom_margin=&#8221;||0px||false|false&#8221; hover_enabled=&#8221;0&#8243; global_colors_info=&#8221;{}&#8221; sticky_enabled=&#8221;0&#8243;]<\/p>\n<p><a  data-e-Disable-Page-Transition=\"true\" class=\"download-link\" title=\"\" href=\"https:\/\/eden-instruments.com\/en\/telechargement\/25980136\/?tmstv=1778510688\" rel=\"nofollow\" id=\"download-link-25980136\" data-redirect=\"false\" >\n\tCompatibilit\u00e9 chimique de Pos\u00e9idon\t(813 downloads\t)\n<\/a>\n<br \/><a  data-e-Disable-Page-Transition=\"true\" class=\"download-link\" title=\"\" href=\"https:\/\/eden-instruments.com\/en\/telechargement\/25980139\/?tmstv=1778510688\" rel=\"nofollow\" id=\"download-link-25980139\" data-redirect=\"false\" >\n\tTableau de sp\u00e9cifications\t(880 downloads\t)\n<\/a>\n<\/p>\n<p>[\/dipi_advanced_tabs_item][dipi_advanced_tabs_item title=&#8221;Downloads&#8221; admin_label=&#8221;T\u00e9l\u00e9chargements&#8221; img_placement=&#8221;row&#8221; content_image_align=&#8221;start&#8221; icon_color=&#8221;rgba(21,2,42,0.3)&#8221; icon_color_active=&#8221;#B42124&#8243; tab_media=&#8221;icon&#8221; font_icon=&#8221;\uf1c1||fa||400&#8243; font_icon_active=&#8221;g||divi||400&#8243; tab_icon_placement=&#8221;top&#8221; _builder_version=&#8221;4.25.1&#8243; _module_preset=&#8221;default&#8221; text_text_align=&#8221;left&#8221; text_text_color=&#8221;#15022A&#8221; text_line_height=&#8221;1.9em&#8221; header_3_font_size=&#8221;19px&#8221; custom_margin=&#8221;||0px||false|false&#8221; hover_enabled=&#8221;0&#8243; global_colors_info=&#8221;{}&#8221; sticky_enabled=&#8221;0&#8243;]<\/p>\n<h3>T\u00c9L\u00c9CHARGEZ LES M\u00c9THODES DE D\u00c9POSITION POUR PORTE-OBJET POSEIDON SELECT<\/h3>\n<a  data-e-Disable-Page-Transition=\"true\" class=\"download-link\" title=\"Version 2\" href=\"https:\/\/eden-instruments.com\/en\/telechargement\/25980145\/?tmstv=1778510688\" rel=\"nofollow\" id=\"download-link-25980145\" data-redirect=\"false\" >\n\tHandling and Surface Preparation\t(0 downloads\t)\n<\/a>\n\n<p>[\/dipi_advanced_tabs_item][\/dipi_advanced_tabs][\/et_pb_column][\/et_pb_row][\/et_pb_section]<\/p>\n","protected":false},"excerpt":{"rendered":"<p>In Situ Poseidon Liquid Flow TEM Holder.LIQUID AND ELECTRO CHEMICAL CONTROL WITHIN THE MICROSCOPEPoseidon\u2122 allows scientists and engineers to image materials and biological samples in a self-contained and fully hydrated flowing and mixing chamber, directly within the TEM.<a  data-e-Disable-Page-Transition=\"true\" class=\"download-link\" title=\"\" href=\"https:\/\/eden-instruments.com\/en\/telechargement\/25979994\/?tmstv=1778510689\" rel=\"nofollow\" id=\"download-link-25979994\" data-redirect=\"false\" >\n\tBrochure Poseidon Select\t(8 downloads\t)\n<\/a>\n<div class=\"et_pb_with_border et_pb_module dipi_advanced_tabs dipi_advanced_tabs_0\">\n\t\t\t\t\n\t\t\t\t\n\t\t\t\t\n\t\t\t\t\n\t\t\t\t\n\t\t\t\t\n\t\t\t\t<div class=\"et_pb_module_inner\">\n\t\t\t\t\t<div class=\"dipi-advanced-tabs dipi-at-container dipi-advanced-tabs-front\"  data-tab_animation=\"fadeInUpShort\" data-animation_duration=\"600\" data-activate_on_hover=\"off\" data-activate_first_tab_as_placeholder=\"on\" data-use_sticky_tabs=\"off\" data-use_scroll_to_content=\"{&quot;desktop&quot;:&quot;off&quot;,&quot;tablet&quot;:&quot;off&quot;,&quot;phone&quot;:&quot;off&quot;}\" data-scroll_to_content_offset=\"{&quot;desktop&quot;:&quot;0px&quot;,&quot;tablet&quot;:&quot;0px&quot;,&quot;phone&quot;:&quot;0px&quot;}\" data-ts_navigation_vertical_position=\"{&quot;desktop&quot;:&quot;50&quot;,&quot;tablet&quot;:&quot;50&quot;,&quot;phone&quot;:&quot;40&quot;}\" data-ts_navigation_horizontal_position=\"{&quot;desktop&quot;:&quot;0&quot;,&quot;tablet&quot;:&quot;0&quot;,&quot;phone&quot;:&quot;15&quot;}\" data-sticky_distance=\"55px\" data-sticky_distance_tablet=\"55px\" data-sticky_distance_phone=\"\" data-admin_bar_space=\"\" data-turn_off_sticky=\"none\" data-module_class=\"dipi_advanced_tabs_0\" data-default_tab=\"0\">\n                    <div class=\"dipi-at-tabs-container dipi-at-slider\" data-slider='{\"allow_touch_move\":\"on\",\"enable_ts_on_wide\":\"off\",\"tabs_per_view_wide\":2,\"ts_navigation_wide\":\"off\",\"enable_ts_on_tab\":\"off\",\"tabs_per_view_tab\":2,\"ts_navigation_tab\":\"off\",\"enable_ts_on_pho\":\"on\",\"tabs_per_view_pho\":\"1\",\"ts_navigation_pho\":\"on\"}' data-next-icon=\"&#x24;\" data-prev-icon=\"&#x23;\" >\n                        <div class=\"dipi-at-tabs has-arrow arrow-place-top arrow-allign-center\"><\/div>\n                    <\/div>\n                    <div class=\"dipi-at-panels\"><\/div>\n                <\/div>\n\t\t\t\t<\/div>\n\t\t\t<\/div><\/p>\n","protected":false},"author":1,"featured_media":0,"parent":25982334,"menu_order":0,"comment_status":"closed","ping_status":"closed","template":"","meta":{"_et_pb_use_builder":"on","_et_pb_old_content":"","_et_gb_content_width":"","footnotes":""},"dipi_cpt_category":[],"class_list":["post-25982355","page","type-page","status-publish","hentry"],"_links":{"self":[{"href":"https:\/\/eden-instruments.com\/en\/wp-json\/wp\/v2\/pages\/25982355","targetHints":{"allow":["GET"]}}],"collection":[{"href":"https:\/\/eden-instruments.com\/en\/wp-json\/wp\/v2\/pages"}],"about":[{"href":"https:\/\/eden-instruments.com\/en\/wp-json\/wp\/v2\/types\/page"}],"author":[{"embeddable":true,"href":"https:\/\/eden-instruments.com\/en\/wp-json\/wp\/v2\/users\/1"}],"replies":[{"embeddable":true,"href":"https:\/\/eden-instruments.com\/en\/wp-json\/wp\/v2\/comments?post=25982355"}],"version-history":[{"count":5,"href":"https:\/\/eden-instruments.com\/en\/wp-json\/wp\/v2\/pages\/25982355\/revisions"}],"predecessor-version":[{"id":25982363,"href":"https:\/\/eden-instruments.com\/en\/wp-json\/wp\/v2\/pages\/25982355\/revisions\/25982363"}],"up":[{"embeddable":true,"href":"https:\/\/eden-instruments.com\/en\/wp-json\/wp\/v2\/pages\/25982334"}],"wp:attachment":[{"href":"https:\/\/eden-instruments.com\/en\/wp-json\/wp\/v2\/media?parent=25982355"}],"wp:term":[{"taxonomy":"dipi_cpt_category","embeddable":true,"href":"https:\/\/eden-instruments.com\/en\/wp-json\/wp\/v2\/dipi_cpt_category?post=25982355"}],"curies":[{"name":"wp","href":"https:\/\/api.w.org\/{rel}","templated":true}]}}